{"id":672,"date":"2025-03-21T12:10:10","date_gmt":"2025-03-21T10:10:10","guid":{"rendered":"https:\/\/ingeainnova.com\/?page_id=672"},"modified":"2025-03-22T12:19:20","modified_gmt":"2025-03-22T10:19:20","slug":"photovoltaic-self-consumption-installation-project","status":"publish","type":"page","link":"https:\/\/ingeainnova.com\/en\/photovoltaic-self-consumption-installation-project\/","title":{"rendered":"Photovoltaic installation for individual self-consumption"},"content":{"rendered":"","protected":false},"excerpt":{"rendered":"","protected":false},"author":34416,"featured_media":0,"parent":0,"menu_order":0,"comment_status":"closed","ping_status":"closed","template":"","meta":{"footnotes":""},"class_list":["post-672","page","type-page","status-publish","hentry"],"yoast_head":"<!-- This site is optimized with the Yoast SEO plugin v27.3 - https:\/\/yoast.com\/product\/yoast-seo-wordpress\/ -->\n<title>Instalaci\u00f3n fotovoltaica de autoconsumo individual - INNOVA Estructuras Met\u00e1licas<\/title>\n<meta name=\"description\" content=\"Ingea Innova Murcia SL ha ejecutado el proyecto denominado Instalaci\u00f3n fotovoltaica de autoconsumo individual con compensaci\u00f3n de excedentes.\" \/>\n<meta name=\"robots\" content=\"index, follow, max-snippet:-1, max-image-preview:large, max-video-preview:-1\" \/>\n<link rel=\"canonical\" href=\"https:\/\/ingeainnova.com\/en\/photovoltaic-self-consumption-installation-project\/\" \/>\n<meta property=\"og:locale\" content=\"en_GB\" \/>\n<meta property=\"og:type\" content=\"article\" \/>\n<meta property=\"og:title\" content=\"Instalaci\u00f3n fotovoltaica de autoconsumo individual - INNOVA Estructuras Met\u00e1licas\" \/>\n<meta property=\"og:description\" content=\"Ingea Innova Murcia SL ha ejecutado el proyecto denominado Instalaci\u00f3n fotovoltaica de autoconsumo individual con compensaci\u00f3n de excedentes.\" \/>\n<meta property=\"og:url\" content=\"https:\/\/ingeainnova.com\/en\/photovoltaic-self-consumption-installation-project\/\" \/>\n<meta property=\"og:site_name\" content=\"INNOVA Estructuras Met\u00e1licas\" \/>\n<meta property=\"article:modified_time\" content=\"2025-03-22T10:19:20+00:00\" \/>\n<meta property=\"og:image\" content=\"https:\/\/ingeainnova.com\/wp-content\/uploads\/2018\/07\/cabecera-email.jpg\" \/>\n\t<meta property=\"og:image:width\" content=\"450\" \/>\n\t<meta property=\"og:image:height\" content=\"100\" \/>\n\t<meta property=\"og:image:type\" content=\"image\/jpeg\" \/>\n<script type=\"application\/ld+json\" class=\"yoast-schema-graph\">{\"@context\":\"https:\\\/\\\/schema.org\",\"@graph\":[{\"@type\":\"WebPage\",\"@id\":\"https:\\\/\\\/ingeainnova.com\\\/proyecto-instalacion-fotovoltaica-autoconsumo\\\/\",\"url\":\"https:\\\/\\\/ingeainnova.com\\\/proyecto-instalacion-fotovoltaica-autoconsumo\\\/\",\"name\":\"Instalaci\u00f3n fotovoltaica de autoconsumo individual - INNOVA Estructuras Met\u00e1licas\",\"isPartOf\":{\"@id\":\"https:\\\/\\\/ingeainnova.com\\\/#website\"},\"datePublished\":\"2025-03-21T10:10:10+00:00\",\"dateModified\":\"2025-03-22T10:19:20+00:00\",\"description\":\"Ingea Innova Murcia SL ha ejecutado el proyecto denominado Instalaci\u00f3n fotovoltaica de autoconsumo individual con compensaci\u00f3n de excedentes.\",\"breadcrumb\":{\"@id\":\"https:\\\/\\\/ingeainnova.com\\\/proyecto-instalacion-fotovoltaica-autoconsumo\\\/#breadcrumb\"},\"inLanguage\":\"en-GB\",\"potentialAction\":[{\"@type\":\"ReadAction\",\"target\":[\"https:\\\/\\\/ingeainnova.com\\\/proyecto-instalacion-fotovoltaica-autoconsumo\\\/\"]}]},{\"@type\":\"BreadcrumbList\",\"@id\":\"https:\\\/\\\/ingeainnova.com\\\/proyecto-instalacion-fotovoltaica-autoconsumo\\\/#breadcrumb\",\"itemListElement\":[{\"@type\":\"ListItem\",\"position\":1,\"name\":\"Portada\",\"item\":\"https:\\\/\\\/ingeainnova.com\\\/\"},{\"@type\":\"ListItem\",\"position\":2,\"name\":\"Instalaci\u00f3n fotovoltaica de autoconsumo individual\"}]},{\"@type\":\"WebSite\",\"@id\":\"https:\\\/\\\/ingeainnova.com\\\/#website\",\"url\":\"https:\\\/\\\/ingeainnova.com\\\/\",\"name\":\"INNOVA Estructuras Met\u00e1licas\",\"description\":\"INNOVA Estructuras Met\u00e1licas\",\"potentialAction\":[{\"@type\":\"SearchAction\",\"target\":{\"@type\":\"EntryPoint\",\"urlTemplate\":\"https:\\\/\\\/ingeainnova.com\\\/?s={search_term_string}\"},\"query-input\":{\"@type\":\"PropertyValueSpecification\",\"valueRequired\":true,\"valueName\":\"search_term_string\"}}],\"inLanguage\":\"en-GB\"}]}<\/script>\n<!-- \/ Yoast SEO plugin. -->","yoast_head_json":{"title":"Photovoltaic installation for individual self-consumption - INNOVA Estructuras Met\u00e1licas","description":"Ingea Innova Murcia SL has executed the project entitled \"Photovoltaic installation for individual self-consumption with surplus compensation\".","robots":{"index":"index","follow":"follow","max-snippet":"max-snippet:-1","max-image-preview":"max-image-preview:large","max-video-preview":"max-video-preview:-1"},"canonical":"https:\/\/ingeainnova.com\/en\/photovoltaic-self-consumption-installation-project\/","og_locale":"en_GB","og_type":"article","og_title":"Instalaci\u00f3n fotovoltaica de autoconsumo individual - INNOVA Estructuras Met\u00e1licas","og_description":"Ingea Innova Murcia SL ha ejecutado el proyecto denominado Instalaci\u00f3n fotovoltaica de autoconsumo individual con compensaci\u00f3n de excedentes.","og_url":"https:\/\/ingeainnova.com\/en\/photovoltaic-self-consumption-installation-project\/","og_site_name":"INNOVA Estructuras Met\u00e1licas","article_modified_time":"2025-03-22T10:19:20+00:00","og_image":[{"width":450,"height":100,"url":"https:\/\/ingeainnova.com\/wp-content\/uploads\/2018\/07\/cabecera-email.jpg","type":"image\/jpeg"}],"schema":{"@context":"https:\/\/schema.org","@graph":[{"@type":"WebPage","@id":"https:\/\/ingeainnova.com\/proyecto-instalacion-fotovoltaica-autoconsumo\/","url":"https:\/\/ingeainnova.com\/proyecto-instalacion-fotovoltaica-autoconsumo\/","name":"Photovoltaic installation for individual self-consumption - INNOVA Estructuras Met\u00e1licas","isPartOf":{"@id":"https:\/\/ingeainnova.com\/#website"},"datePublished":"2025-03-21T10:10:10+00:00","dateModified":"2025-03-22T10:19:20+00:00","description":"Ingea Innova Murcia SL has executed the project entitled \"Photovoltaic installation for individual self-consumption with surplus compensation\".","breadcrumb":{"@id":"https:\/\/ingeainnova.com\/proyecto-instalacion-fotovoltaica-autoconsumo\/#breadcrumb"},"inLanguage":"en-GB","potentialAction":[{"@type":"ReadAction","target":["https:\/\/ingeainnova.com\/proyecto-instalacion-fotovoltaica-autoconsumo\/"]}]},{"@type":"BreadcrumbList","@id":"https:\/\/ingeainnova.com\/proyecto-instalacion-fotovoltaica-autoconsumo\/#breadcrumb","itemListElement":[{"@type":"ListItem","position":1,"name":"Portada","item":"https:\/\/ingeainnova.com\/"},{"@type":"ListItem","position":2,"name":"Instalaci\u00f3n fotovoltaica de autoconsumo individual"}]},{"@type":"WebSite","@id":"https:\/\/ingeainnova.com\/#website","url":"https:\/\/ingeainnova.com\/","name":"INNOVA Metal Structures","description":"INNOVA Metal Structures","potentialAction":[{"@type":"SearchAction","target":{"@type":"EntryPoint","urlTemplate":"https:\/\/ingeainnova.com\/?s={search_term_string}"},"query-input":{"@type":"PropertyValueSpecification","valueRequired":true,"valueName":"search_term_string"}}],"inLanguage":"en-GB"}]}},"_links":{"self":[{"href":"https:\/\/ingeainnova.com\/en\/wp-json\/wp\/v2\/pages\/672","targetHints":{"allow":["GET"]}}],"collection":[{"href":"https:\/\/ingeainnova.com\/en\/wp-json\/wp\/v2\/pages"}],"about":[{"href":"https:\/\/ingeainnova.com\/en\/wp-json\/wp\/v2\/types\/page"}],"author":[{"embeddable":true,"href":"https:\/\/ingeainnova.com\/en\/wp-json\/wp\/v2\/users\/34416"}],"replies":[{"embeddable":true,"href":"https:\/\/ingeainnova.com\/en\/wp-json\/wp\/v2\/comments?post=672"}],"version-history":[{"count":5,"href":"https:\/\/ingeainnova.com\/en\/wp-json\/wp\/v2\/pages\/672\/revisions"}],"predecessor-version":[{"id":704,"href":"https:\/\/ingeainnova.com\/en\/wp-json\/wp\/v2\/pages\/672\/revisions\/704"}],"wp:attachment":[{"href":"https:\/\/ingeainnova.com\/en\/wp-json\/wp\/v2\/media?parent=672"}],"curies":[{"name":"wp","href":"https:\/\/api.w.org\/{rel}","templated":true}]}}